{"id":9,"date":"2026-04-21T09:30:12","date_gmt":"2026-04-21T09:30:12","guid":{"rendered":"https:\/\/lights.go-webdesign.de\/?page_id=9"},"modified":"2026-04-21T09:30:12","modified_gmt":"2026-04-21T09:30:12","slug":"lights-of-hope-nour-aid","status":"publish","type":"page","link":"https:\/\/lights.go-webdesign.de\/?page_id=9","title":{"rendered":"Lights of Hope | Nour Aid"},"content":{"rendered":"\n<div class=\"wp-block-columns are-vertically-aligned-center is-layout-flex wp-container-core-columns-is-layout-28f84493 wp-block-columns-is-layout-flex\">\n<div class=\"wp-block-column is-vertically-aligned-center col-12 col-sm-auto is-layout-flow wp-block-column-is-layout-flow\">\n<h1 class=\"wp-block-heading has-text-align-left\" id=\"the-fast-visual-way-to-understand-your-user\">Lights of Hope | Nour Aid<\/h1>\n\n\n\n<p class=\"has-text-align-left\">Wir helfen pers\u00f6nlich. Transparent. Vor Ort.<\/p>\n\n\n\n<div class=\"wp-block-buttons is-layout-flex wp-block-buttons-is-layout-flex\">\n<div id=\"greyd-69e77dbf48163\" class=\"wp-block-button is-style-fill\"><a class=\"wp-block-button__link wp-element-button\">Jetzt Mitglied werden<\/a><\/div>\n\n\n\n<div id=\"greyd-69e77dbf49719\" class=\"wp-block-button is-style-sec is-style-outline is-style-outline--1\"><a class=\"wp-block-button__link wp-element-button\">Jetzt Spenden<\/a><\/div>\n<\/div>\n<\/div>\n\n\n\n<div class=\"wp-block-column is-vertically-aligned-center col-12 col-sm-auto is-layout-flow wp-block-column-is-layout-flow\"><figure style=\"\" class=\"wp-block-image greyd-image  aligncenter gs_BCvoI7\"><img src='https:\/\/lights.go-webdesign.de\/wp-content\/plugins\/greyd-plugin\/assets\/img\/white-spheres-and-pyramids-floating.webp' ><\/figure><\/div>\n<\/div>\n\n\n\n<div class=\"wp-block-group alignwide has-background-background-color has-background has-global-padding is-layout-constrained wp-block-group-is-layout-constrained\" style=\"padding-top:var(--wp--preset--spacing--x-large);padding-bottom:var(--wp--preset--spacing--x-large)\"><h1 class=\"has-text-align-center has-link-color alignwide  wp-elements-d1fdcf0adaf67e89dbb1df10ab2cbef2 wp-block-post-title has-text-color has-primary-color has-small-font-size\">Lights of Hope | Nour Aid<\/h1>\n\n\n<div class=\"wp-block-group alignwide is-layout-flow wp-block-group-is-layout-flow\" style=\"margin-top:var(--wp--preset--spacing--small);margin-bottom:var(--wp--preset--spacing--x-large)\">\n<h2 class=\"wp-block-heading alignwide has-text-align-center\" style=\"margin-top:0;margin-bottom:0;line-height:1.3\">Manchmal beginnt Hilfe nicht mit Antworten,<br><mark class=\"has-inline-color has-background-color has-foreground-background-color\">sondern mit dem richtigen Blick<\/mark><\/h2>\n<\/div>\n\n\n\n<p>Mit dem Mut, hinzusehen, statt aus der Distanz zu beurteilen. Mit dem Verst\u00e4ndnis, dass man viele Dinge erst erkennt, wenn man wirklich vor Ort ist. Lights of Hope | Nour Aid ist aus genau diesem Gedanken entstanden.<\/p>\n\n\n\n<p>Wir glauben, dass echte Hilfe nicht aus der Ferne geplant werden kann. Denn Distanz ver\u00e4ndert den Blick. Sie vereinfacht, verallgemeinert und \u00fcbersieht oft genau die Dinge, die am wichtigsten sind. Was auf dem Papier wie ein Problem aussieht, ist vor Ort oft etwas ganz anderes. Und das, was wirklich fehlt, bleibt aus der Entfernung h\u00e4ufig unsichtbar.<\/p>\n\n\n\n<p><strong>Deshalb gehen wir bewusst einen anderen Weg.<\/strong><\/p>\n\n\n\n<p>Wir sind vor Ort. Wir sprechen mit den Menschen. Wir h\u00f6ren zu, bevor wir handeln. Und genau dadurch erkennen wir Bed\u00fcrfnisse, die man aus der Distanz nicht sehen kann.<br>Manchmal ist es nicht das Offensichtliche, das fehlt.<br>Manchmal sind es die kleinen Dinge, die im Alltag alles ver\u00e4ndern.<br>Und genau diese Details machen den Unterschied zwischen irgendeiner Hilfe \u2013 und der richtigen Hilfe.<br>Deshalb organisieren wir jeden Schritt selbst. Von der Spendensammlung bis zur pers\u00f6nlichen Verteilung. Nicht, weil es einfacher ist, sondern weil es ehrlicher ist. Weil wir nur so sicherstellen k\u00f6nnen, dass Hilfe wirklich das bewirkt, was sie soll.<\/p>\n\n\n\n<p>Unsere Arbeit beginnt im Libanon. Ein Ort, an dem viele Herausforderungen gleichzeitig aufeinandertreffen. Wirtschaftliche Unsicherheit, steigende Lebenshaltungskosten und fehlende Perspektiven pr\u00e4gen den Alltag vieler Familien.Doch statt nur auf diese gro\u00dfen Probleme zu schauen, gehen wir n\u00e4her heran.<br>Wir sehen den einzelnen Menschen. Die einzelnen Geschichten. Die Situationen, die sich nicht in Zahlen ausdr\u00fccken lassen.<br>Und genau dort entsteht unsere Aufgabe: nicht nur zu helfen, sondern richtig zu helfen.<\/p>\n\n\n\n<p><\/p>\n\n\n\n<div class=\"wp-block-columns alignwide is-layout-flex wp-container-core-columns-is-layout-07b7b7eb wp-block-columns-is-layout-flex\" style=\"padding-top:0;padding-right:0;padding-bottom:0;padding-left:0\">\n<div class=\"wp-block-column is-vertically-aligned-stretch col-12 col-sm-auto has-lightest-background-color has-background is-layout-flow wp-block-column-is-layout-flow\" style=\"flex-basis:33.33%;width:33.33%\">\n<div class=\"wp-block-group is-vertical is-content-justification-left is-layout-flex wp-container-core-group-is-layout-c6e5b353 wp-block-group-is-layout-flex\" style=\"border-radius:4px\">\n<div class=\"wp-block-group has-global-padding is-content-justification-left is-layout-constrained wp-container-core-group-is-layout-e72ea57b wp-block-group-is-layout-constrained\">\n<figure class=\"wp-block-image size-full is-resized wp-duotone-foreground-background\"><img decoding=\"async\" src=\"https:\/\/lights.go-webdesign.de\/wp-content\/themes\/greyd-theme\/assets\/images\/greyd-logo-black.svg\" alt=\"\" style=\"width:45px;height:45px\"\/><\/figure>\n\n\n\n<h3 class=\"wp-block-heading has-text-align-left\">Mitglied werden<\/h3>\n<\/div>\n\n\n\n<p class=\"has-text-align-left\">Werde Teil einer Bewegung, die wirklich etwas ver\u00e4ndert.<br>Gemeinsam schaffen wir mehr \u2013 langfristig, nachhaltig und mit echtem Impact.<\/p>\n<\/div>\n\n\n\n<div class=\"wp-block-greyd-buttons\">\n<a  class=\"button  gs_IjrLxt \">Zum Mitgliedsantrag<\/a>\n<\/div>\n<\/div>\n\n\n\n<div class=\"wp-block-column is-vertically-aligned-stretch col-12 col-sm-auto has-lightest-background-color has-background is-layout-flow wp-block-column-is-layout-flow\" style=\"flex-basis:33.33%;width:33.33%\">\n<div class=\"wp-block-group is-vertical is-content-justification-stretch is-layout-flex wp-container-core-group-is-layout-444d5ee8 wp-block-group-is-layout-flex\" style=\"border-radius:4px\">\n<div class=\"wp-block-group wp-container-content-9cfa9a5a has-global-padding is-content-justification-left is-layout-constrained wp-container-core-group-is-layout-46463125 wp-block-group-is-layout-constrained\">\n<figure class=\"wp-block-image size-full is-resized wp-duotone-foreground-background\"><img decoding=\"async\" src=\"https:\/\/lights.go-webdesign.de\/wp-content\/themes\/greyd-theme\/assets\/images\/greyd-logo-black.svg\" alt=\"\" style=\"width:45px;height:45px\"\/><\/figure>\n\n\n\n<h3 class=\"wp-block-heading has-text-align-left\">Einmalige Geldspende<\/h3>\n<\/div>\n\n\n\n<p class=\"has-text-align-left\">Mit deiner Spende schenkst du Hoffnung, Unterst\u00fctzung und echte Chancen.<br>Jeder Euro kommt genau dort an, wo er dringend gebraucht wird.<\/p>\n\n\n\n<div class=\"wp-block-greyd-buttons\">\n<a  class=\"button  gs_nmceLI \">Zur Spende<\/a>\n<\/div>\n<\/div>\n<\/div>\n\n\n\n<div class=\"wp-block-column is-vertically-aligned-stretch has-lightest-background-color has-background is-layout-flow wp-block-column-is-layout-flow\" style=\"flex-basis:33.33%;width:33.33%\">\n<div class=\"wp-block-group is-vertical is-content-justification-left is-layout-flex wp-container-core-group-is-layout-a99cfd2b wp-block-group-is-layout-flex\" style=\"border-radius:4px\">\n<div class=\"wp-block-group has-global-padding is-layout-constrained wp-container-core-group-is-layout-f5f3bcb8 wp-block-group-is-layout-constrained\">\n<figure class=\"wp-block-image size-full is-resized wp-duotone-foreground-background\"><img decoding=\"async\" src=\"https:\/\/lights.go-webdesign.de\/wp-content\/themes\/greyd-theme\/assets\/images\/greyd-logo-black.svg\" alt=\"\" style=\"width:45px;height:45px\"\/><\/figure>\n\n\n\n<h3 class=\"wp-block-heading has-text-align-left\">Einmalige Sachspende<\/h3>\n<\/div>\n\n\n\n<p class=\"has-text-align-left\">Was f\u00fcr dich vielleicht nicht mehr wichtig ist, kann f\u00fcr andere alles bedeuten.<br>Schenke Dingen ein neues Leben \u2013 und Menschen neue Perspektiven.<br><\/p>\n\n\n\n<div class=\"wp-block-greyd-buttons\">\n<a  class=\"button  gs_ItDMkX \">Zur Sachspende<\/a>\n<\/div>\n<\/div>\n<\/div>\n<\/div>\n<\/div>\n\n\n\n<div class=\"wp-block-group alignfull has-global-padding is-layout-constrained wp-container-core-group-is-layout-35776a47 wp-block-group-is-layout-constrained\" style=\"padding-top:var(--wp--preset--spacing--x-large);padding-right:var(--wp--preset--spacing--medium);padding-bottom:var(--wp--preset--spacing--x-large);padding-left:var(--wp--preset--spacing--medium)\">\n<div class=\"wp-block-media-text alignwide has-media-on-the-right is-stacked-on-mobile is-vertically-aligned-center is-image-fill-element\" style=\"grid-template-columns:auto 35%\"><div class=\"wp-block-media-text__content\">\n<div class=\"wp-block-group has-global-padding is-layout-constrained wp-block-group-is-layout-constrained\" style=\"padding-top:var(--wp--preset--spacing--medium);padding-bottom:var(--wp--preset--spacing--medium)\">\n<p>\u201eLights of Hope\u201c ist das Licht, das sichtbar wird, wenn man genau hinschaut. Es steht f\u00fcr die Momente, in denen Hoffnung wieder greifbar wird \u2013 nicht abstrakt, sondern konkret im Leben eines Menschen.<br>\u201eNour\u201c bedeutet Licht. Ein Licht, das Orientierung gibt. Das Klarheit schafft. Und das Dinge sichtbar macht, die vorher im Verborgenen lagen.<br>F\u00fcr uns bedeutet dieses Licht auch Erkenntnis.<br>Denn nur wenn man wirklich sieht, kann man verstehen. Und nur wenn man versteht, kann man sinnvoll helfen.<br>Wir wollen dieses Licht dorthin bringen, wo vieles im Verborgenen bleibt. Dorthin, wo Probleme oft \u00fcbersehen werden, weil sie nicht laut sind. Dorthin, wo ein genauer Blick den entscheidenden Unterschied macht.<br>Dabei geht es nicht nur um Hilfe, sondern um Verantwortung.<br>Wir m\u00f6chten eine Form der Unterst\u00fctzung schaffen, die nicht auf Annahmen basiert, sondern auf echten Begegnungen. Die nicht aus der Ferne entscheidet, sondern vor Ort versteht.<br>Deshalb machen wir unsere Arbeit bewusst transparent. Menschen, die uns unterst\u00fctzen, k\u00f6nnen nachvollziehen, was geschieht. Sie k\u00f6nnen sehen, wo ihre Hilfe ankommt \u2013 und warum genau dort.<br>Denn Vertrauen entsteht nicht durch Worte, sondern durch Klarheit.<\/p>\n\n\n\n<p>Lights of Hope | Nour Aid steht f\u00fcr Hilfe, die genauer hinschaut. Die tiefer versteht. Und die dort ansetzt, wo sie wirklich etwas ver\u00e4ndert.<\/p>\n\n\n\n<p>Wir helfen pers\u00f6nlich. Transparent. Vor Ort.<\/p>\n\n\n\n<p>Und wir stehen erst am Anfang.<\/p>\n\n\n\n<div class=\"wp-block-buttons alignleft is-layout-flex wp-block-buttons-is-layout-flex\">\n<div id=\"greyd-69e77dbf52717\" class=\"wp-block-button is-style-sec is-style-outline is-style-outline--2\"><a class=\"wp-block-button__link wp-element-button\">Helfen Sie jetzt!<\/a><\/div>\n<\/div>\n<\/div>\n<\/div><figure class=\"wp-block-media-text__media\"><img decoding=\"async\" src=\"https:\/\/lights.go-webdesign.de\/wp-content\/themes\/greyd-theme\/assets\/images\/white-and-black-cubes-and-pyramids.webp\" alt=\"\" style=\"object-position:50% 50%\"\/><\/figure><\/div>\n<\/div>\n","protected":false},"excerpt":{"rendered":"<p>Lights of Hope | Nour Aid Wir helfen pers\u00f6nlich. Transparent. Vor Ort. Manchmal beginnt Hilfe nicht mit Antworten,sondern mit dem richtigen Blick Mit dem Mut, hinzusehen, statt aus der Distanz zu beurteilen. Mit dem Verst\u00e4ndnis, dass man viele Dinge erst erkennt, wenn man wirklich vor Ort ist. Lights of Hope | Nour Aid ist aus [&hellip;]<\/p>\n","protected":false},"author":1,"featured_media":0,"parent":0,"menu_order":0,"comment_status":"closed","ping_status":"closed","template":"","meta":{"greyd_block_editor_preview":[],"footnotes":""},"class_list":["post-9","page","type-page","status-publish","hentry"],"yoast_head":"<!-- This site is optimized with the Yoast SEO plugin v27.4 - https:\/\/yoast.com\/product\/yoast-seo-wordpress\/ -->\n<title>Lights of Hope | Nour Aid - Lights of Hope<\/title>\n<meta name=\"robots\" content=\"index, follow, max-snippet:-1, max-image-preview:large, max-video-preview:-1\" \/>\n<link rel=\"canonical\" href=\"https:\/\/lights.go-webdesign.de\/?page_id=9\" \/>\n<meta property=\"og:locale\" content=\"de_DE\" \/>\n<meta property=\"og:type\" content=\"article\" \/>\n<meta property=\"og:title\" content=\"Lights of Hope | Nour Aid - Lights of Hope\" \/>\n<meta property=\"og:description\" content=\"Lights of Hope | Nour Aid Wir helfen pers\u00f6nlich. Transparent. Vor Ort. Manchmal beginnt Hilfe nicht mit Antworten,sondern mit dem richtigen Blick Mit dem Mut, hinzusehen, statt aus der Distanz zu beurteilen. Mit dem Verst\u00e4ndnis, dass man viele Dinge erst erkennt, wenn man wirklich vor Ort ist. Lights of Hope | Nour Aid ist aus [&hellip;]\" \/>\n<meta property=\"og:url\" content=\"https:\/\/lights.go-webdesign.de\/?page_id=9\" \/>\n<meta property=\"og:site_name\" content=\"Lights of Hope\" \/>\n<meta property=\"og:image\" content=\"https:\/\/lights.go-webdesign.de\/wp-content\/themes\/greyd-theme\/assets\/images\/greyd-logo-black.svg\" \/>\n<meta name=\"twitter:card\" content=\"summary_large_image\" \/>\n<meta name=\"twitter:label1\" content=\"Gesch\u00e4tzte Lesezeit\" \/>\n\t<meta name=\"twitter:data1\" content=\"5\u00a0Minuten\" \/>\n<script type=\"application\/ld+json\" class=\"yoast-schema-graph\">{\"@context\":\"https:\\\/\\\/schema.org\",\"@graph\":[{\"@type\":\"WebPage\",\"@id\":\"https:\\\/\\\/lights.go-webdesign.de\\\/?page_id=9\",\"url\":\"https:\\\/\\\/lights.go-webdesign.de\\\/?page_id=9\",\"name\":\"Lights of Hope | Nour Aid - Lights of Hope\",\"isPartOf\":{\"@id\":\"https:\\\/\\\/lights.go-webdesign.de\\\/#website\"},\"primaryImageOfPage\":{\"@id\":\"https:\\\/\\\/lights.go-webdesign.de\\\/?page_id=9#primaryimage\"},\"image\":{\"@id\":\"https:\\\/\\\/lights.go-webdesign.de\\\/?page_id=9#primaryimage\"},\"thumbnailUrl\":\"https:\\\/\\\/lights.go-webdesign.de\\\/wp-content\\\/themes\\\/greyd-theme\\\/assets\\\/images\\\/greyd-logo-black.svg\",\"datePublished\":\"2026-04-21T09:30:12+00:00\",\"breadcrumb\":{\"@id\":\"https:\\\/\\\/lights.go-webdesign.de\\\/?page_id=9#breadcrumb\"},\"inLanguage\":\"de\",\"potentialAction\":[{\"@type\":\"ReadAction\",\"target\":[\"https:\\\/\\\/lights.go-webdesign.de\\\/?page_id=9\"]}]},{\"@type\":\"ImageObject\",\"inLanguage\":\"de\",\"@id\":\"https:\\\/\\\/lights.go-webdesign.de\\\/?page_id=9#primaryimage\",\"url\":\"https:\\\/\\\/lights.go-webdesign.de\\\/wp-content\\\/themes\\\/greyd-theme\\\/assets\\\/images\\\/greyd-logo-black.svg\",\"contentUrl\":\"https:\\\/\\\/lights.go-webdesign.de\\\/wp-content\\\/themes\\\/greyd-theme\\\/assets\\\/images\\\/greyd-logo-black.svg\"},{\"@type\":\"BreadcrumbList\",\"@id\":\"https:\\\/\\\/lights.go-webdesign.de\\\/?page_id=9#breadcrumb\",\"itemListElement\":[{\"@type\":\"ListItem\",\"position\":1,\"name\":\"Start\",\"item\":\"https:\\\/\\\/lights.go-webdesign.de\\\/\"},{\"@type\":\"ListItem\",\"position\":2,\"name\":\"Lights of Hope | Nour Aid\"}]},{\"@type\":\"WebSite\",\"@id\":\"https:\\\/\\\/lights.go-webdesign.de\\\/#website\",\"url\":\"https:\\\/\\\/lights.go-webdesign.de\\\/\",\"name\":\"Lights of Hope\",\"description\":\"\",\"potentialAction\":[{\"@type\":\"SearchAction\",\"target\":{\"@type\":\"EntryPoint\",\"urlTemplate\":\"https:\\\/\\\/lights.go-webdesign.de\\\/?s={search_term_string}\"},\"query-input\":{\"@type\":\"PropertyValueSpecification\",\"valueRequired\":true,\"valueName\":\"search_term_string\"}}],\"inLanguage\":\"de\"}]}<\/script>\n<!-- \/ Yoast SEO plugin. -->","yoast_head_json":{"title":"Lights of Hope | Nour Aid - Lights of Hope","robots":{"index":"index","follow":"follow","max-snippet":"max-snippet:-1","max-image-preview":"max-image-preview:large","max-video-preview":"max-video-preview:-1"},"canonical":"https:\/\/lights.go-webdesign.de\/?page_id=9","og_locale":"de_DE","og_type":"article","og_title":"Lights of Hope | Nour Aid - Lights of Hope","og_description":"Lights of Hope | Nour Aid Wir helfen pers\u00f6nlich. Transparent. Vor Ort. Manchmal beginnt Hilfe nicht mit Antworten,sondern mit dem richtigen Blick Mit dem Mut, hinzusehen, statt aus der Distanz zu beurteilen. Mit dem Verst\u00e4ndnis, dass man viele Dinge erst erkennt, wenn man wirklich vor Ort ist. Lights of Hope | Nour Aid ist aus [&hellip;]","og_url":"https:\/\/lights.go-webdesign.de\/?page_id=9","og_site_name":"Lights of Hope","og_image":[{"url":"https:\/\/lights.go-webdesign.de\/wp-content\/themes\/greyd-theme\/assets\/images\/greyd-logo-black.svg","type":"","width":"","height":""}],"twitter_card":"summary_large_image","twitter_misc":{"Gesch\u00e4tzte Lesezeit":"5\u00a0Minuten"},"schema":{"@context":"https:\/\/schema.org","@graph":[{"@type":"WebPage","@id":"https:\/\/lights.go-webdesign.de\/?page_id=9","url":"https:\/\/lights.go-webdesign.de\/?page_id=9","name":"Lights of Hope | Nour Aid - Lights of Hope","isPartOf":{"@id":"https:\/\/lights.go-webdesign.de\/#website"},"primaryImageOfPage":{"@id":"https:\/\/lights.go-webdesign.de\/?page_id=9#primaryimage"},"image":{"@id":"https:\/\/lights.go-webdesign.de\/?page_id=9#primaryimage"},"thumbnailUrl":"https:\/\/lights.go-webdesign.de\/wp-content\/themes\/greyd-theme\/assets\/images\/greyd-logo-black.svg","datePublished":"2026-04-21T09:30:12+00:00","breadcrumb":{"@id":"https:\/\/lights.go-webdesign.de\/?page_id=9#breadcrumb"},"inLanguage":"de","potentialAction":[{"@type":"ReadAction","target":["https:\/\/lights.go-webdesign.de\/?page_id=9"]}]},{"@type":"ImageObject","inLanguage":"de","@id":"https:\/\/lights.go-webdesign.de\/?page_id=9#primaryimage","url":"https:\/\/lights.go-webdesign.de\/wp-content\/themes\/greyd-theme\/assets\/images\/greyd-logo-black.svg","contentUrl":"https:\/\/lights.go-webdesign.de\/wp-content\/themes\/greyd-theme\/assets\/images\/greyd-logo-black.svg"},{"@type":"BreadcrumbList","@id":"https:\/\/lights.go-webdesign.de\/?page_id=9#breadcrumb","itemListElement":[{"@type":"ListItem","position":1,"name":"Start","item":"https:\/\/lights.go-webdesign.de\/"},{"@type":"ListItem","position":2,"name":"Lights of Hope | Nour Aid"}]},{"@type":"WebSite","@id":"https:\/\/lights.go-webdesign.de\/#website","url":"https:\/\/lights.go-webdesign.de\/","name":"Lights of Hope","description":"","potentialAction":[{"@type":"SearchAction","target":{"@type":"EntryPoint","urlTemplate":"https:\/\/lights.go-webdesign.de\/?s={search_term_string}"},"query-input":{"@type":"PropertyValueSpecification","valueRequired":true,"valueName":"search_term_string"}}],"inLanguage":"de"}]}},"_links":{"self":[{"href":"https:\/\/lights.go-webdesign.de\/index.php?rest_route=\/wp\/v2\/pages\/9","targetHints":{"allow":["GET"]}}],"collection":[{"href":"https:\/\/lights.go-webdesign.de\/index.php?rest_route=\/wp\/v2\/pages"}],"about":[{"href":"https:\/\/lights.go-webdesign.de\/index.php?rest_route=\/wp\/v2\/types\/page"}],"author":[{"embeddable":true,"href":"https:\/\/lights.go-webdesign.de\/index.php?rest_route=\/wp\/v2\/users\/1"}],"replies":[{"embeddable":true,"href":"https:\/\/lights.go-webdesign.de\/index.php?rest_route=%2Fwp%2Fv2%2Fcomments&post=9"}],"version-history":[{"count":1,"href":"https:\/\/lights.go-webdesign.de\/index.php?rest_route=\/wp\/v2\/pages\/9\/revisions"}],"predecessor-version":[{"id":11,"href":"https:\/\/lights.go-webdesign.de\/index.php?rest_route=\/wp\/v2\/pages\/9\/revisions\/11"}],"wp:attachment":[{"href":"https:\/\/lights.go-webdesign.de\/index.php?rest_route=%2Fwp%2Fv2%2Fmedia&parent=9"}],"curies":[{"name":"wp","href":"https:\/\/api.w.org\/{rel}","templated":true}]}}