{"id":16,"date":"2026-04-21T09:57:51","date_gmt":"2026-04-21T09:57:51","guid":{"rendered":"https:\/\/lights.go-webdesign.de\/?page_id=16"},"modified":"2026-04-21T09:57:52","modified_gmt":"2026-04-21T09:57:52","slug":"sachspende","status":"publish","type":"page","link":"https:\/\/lights.go-webdesign.de\/?page_id=16","title":{"rendered":"Sachspende"},"content":{"rendered":"\n<div class=\"wp-block-cover alignfull is-light wp-duotone-background-foreground\" style=\"padding-top:0;padding-right:0;padding-bottom:var(--wp--preset--spacing--x-large);padding-left:0\"><img decoding=\"async\" class=\"wp-block-cover__image-background\" alt=\"\" src=\"https:\/\/lights.go-webdesign.de\/wp-content\/themes\/greyd-theme\/assets\/images\/black-and-white-background-pattern.webp\" data-object-fit=\"cover\"\/><span aria-hidden=\"true\" class=\"wp-block-cover__background has-secondary-background-color has-background-dim-90 has-background-dim\"><\/span><div class=\"wp-block-cover__inner-container has-global-padding is-layout-constrained wp-container-core-cover-is-layout-9931203e wp-block-cover-is-layout-constrained\">\n<div class=\"wp-block-group alignwide has-foreground-color has-text-color has-link-color wp-elements-bed2cbf7923e3001f7f5b274c68ba14c is-layout-flow wp-block-group-is-layout-flow\"><header class=\"alignwide  wp-block-template-part\">\n<div class=\"wp-block-group has-global-padding is-layout-constrained wp-block-group-is-layout-constrained\" style=\"padding-top:var(--wp--preset--spacing--medium);padding-bottom:var(--wp--preset--spacing--medium)\">\n\t\n\t<div class=\"wp-block-group alignwide is-content-justification-space-between is-layout-flex wp-container-core-group-is-layout-b2891da8 wp-block-group-is-layout-flex\">\n\t\t\n\t\t<div class=\"wp-block-group is-nowrap is-layout-flex wp-container-core-group-is-layout-6c531013 wp-block-group-is-layout-flex\">\n\t\t\t\n\n\t\t\t<p class=\"wp-block-site-title\"><a href=\"https:\/\/lights.go-webdesign.de\" target=\"_self\" rel=\"home\">Lights of Hope<\/a><\/p>\n\t\t<\/div>\n\t\t\n\n\t\t<nav class=\"is-responsive items-justified-left wp-block-navigation is-horizontal is-content-justification-left is-layout-flex wp-container-core-navigation-is-layout-11a75b20 wp-block-navigation-is-layout-flex\" \n\t\t data-wp-interactive=\"core\/navigation\" data-wp-context='{\"overlayOpenedBy\":{\"click\":false,\"hover\":false,\"focus\":false},\"type\":\"overlay\",\"roleAttribute\":\"\",\"ariaLabel\":\"Men\\u00fc\"}'><button aria-haspopup=\"dialog\" aria-label=\"Men\u00fc \u00f6ffnen\" class=\"wp-block-navigation__responsive-container-open\" \n\t\t\t\tdata-wp-on--click=\"actions.openMenuOnClick\"\n\t\t\t\tdata-wp-on--keydown=\"actions.handleMenuKeydown\"\n\t\t\t><svg width=\"24\" height=\"24\" xmlns=\"http:\/\/www.w3.org\/2000\/svg\" viewBox=\"0 0 24 24\" aria-hidden=\"true\" focusable=\"false\"><path d=\"M4 7.5h16v1.5H4z\"><\/path><path d=\"M4 15h16v1.5H4z\"><\/path><\/svg><\/button>\n\t\t\t\t<div class=\"wp-block-navigation__responsive-container\"  id=\"modal-1\" \n\t\t\t\tdata-wp-class--has-modal-open=\"state.isMenuOpen\"\n\t\t\t\tdata-wp-class--is-menu-open=\"state.isMenuOpen\"\n\t\t\t\tdata-wp-watch=\"callbacks.initMenu\"\n\t\t\t\tdata-wp-on--keydown=\"actions.handleMenuKeydown\"\n\t\t\t\tdata-wp-on--focusout=\"actions.handleMenuFocusout\"\n\t\t\t\ttabindex=\"-1\"\n\t\t\t>\n\t\t\t\t\t<div class=\"wp-block-navigation__responsive-close\" tabindex=\"-1\">\n\t\t\t\t\t\t<div class=\"wp-block-navigation__responsive-dialog\" \n\t\t\t\tdata-wp-bind--aria-modal=\"state.ariaModal\"\n\t\t\t\tdata-wp-bind--aria-label=\"state.ariaLabel\"\n\t\t\t\tdata-wp-bind--role=\"state.roleAttribute\"\n\t\t\t>\n\t\t\t\t\t\t\t<button aria-label=\"Men\u00fc schlie\u00dfen\" class=\"wp-block-navigation__responsive-container-close\" \n\t\t\t\tdata-wp-on--click=\"actions.closeMenuOnClick\"\n\t\t\t><svg xmlns=\"http:\/\/www.w3.org\/2000\/svg\" viewBox=\"0 0 24 24\" width=\"24\" height=\"24\" aria-hidden=\"true\" focusable=\"false\"><path d=\"m13.06 12 6.47-6.47-1.06-1.06L12 10.94 5.53 4.47 4.47 5.53 10.94 12l-6.47 6.47 1.06 1.06L12 13.06l6.47 6.47 1.06-1.06L13.06 12Z\"><\/path><\/svg><\/button>\n\t\t\t\t\t\t\t<div class=\"wp-block-navigation__responsive-container-content\" \n\t\t\t\tdata-wp-watch=\"callbacks.focusFirstElement\"\n\t\t\t id=\"modal-1-content\">\n\t\t\t\t\t\t\t\t<ul class=\"wp-block-navigation__container is-responsive items-justified-left wp-block-navigation\"><ul class=\"wp-block-page-list\"><li class=\"wp-block-pages-list__item wp-block-navigation-item open-on-hover-click\"><a class=\"wp-block-pages-list__item__link wp-block-navigation-item__content\" href=\"https:\/\/lights.go-webdesign.de\/?page_id=3\">Datenschutz<\/a><\/li><li class=\"wp-block-pages-list__item wp-block-navigation-item open-on-hover-click\"><a class=\"wp-block-pages-list__item__link wp-block-navigation-item__content\" href=\"https:\/\/lights.go-webdesign.de\/?page_id=19\">Impressum<\/a><\/li><li class=\"wp-block-pages-list__item wp-block-navigation-item open-on-hover-click\"><a class=\"wp-block-pages-list__item__link wp-block-navigation-item__content\" href=\"https:\/\/lights.go-webdesign.de\/?page_id=9\">Lights of Hope | Nour Aid<\/a><\/li><li class=\"wp-block-pages-list__item wp-block-navigation-item open-on-hover-click\"><a class=\"wp-block-pages-list__item__link wp-block-navigation-item__content\" href=\"https:\/\/lights.go-webdesign.de\/?page_id=14\">Mitglied werden<\/a><\/li><li class=\"wp-block-pages-list__item wp-block-navigation-item open-on-hover-click\"><a class=\"wp-block-pages-list__item__link wp-block-navigation-item__content\" href=\"https:\/\/lights.go-webdesign.de\/?page_id=21\">Projekte<\/a><\/li><li class=\"wp-block-pages-list__item wp-block-navigation-item open-on-hover-click\"><a class=\"wp-block-pages-list__item__link wp-block-navigation-item__content\" href=\"https:\/\/lights.go-webdesign.de\/?page_id=16\">Sachspende<\/a><\/li><\/ul><\/ul>\n\t\t\t\t\t\t\t<\/div>\n\t\t\t\t\t\t<\/div>\n\t\t\t\t\t<\/div>\n\t\t\t\t<\/div><\/nav>\n\t<\/div>\n\t\n<\/div>\n<\/header><\/div>\n\n\n\n<div style=\"height:var(--wp--preset--spacing--large)\" aria-hidden=\"true\" class=\"wp-block-spacer\"><\/div>\n\n\n\n<div class=\"wp-block-columns alignwide are-vertically-aligned-center is-layout-flex wp-container-core-columns-is-layout-28f84493 wp-block-columns-is-layout-flex\">\n<div class=\"wp-block-column is-vertically-aligned-center is-layout-flow wp-block-column-is-layout-flow\" style=\"flex-basis:50%;width:50%\">\n<div class=\"wp-block-group has-foreground-color has-text-color has-link-color wp-elements-6b5a4e20b5a02065b53e80486ef00778 has-global-padding is-layout-constrained wp-block-group-is-layout-constrained\">\n<h1 class=\"wp-block-heading has-text-align-left\">Sachspende<\/h1>\n\n\n\n<p>Was f\u00fcr dich vielleicht nicht mehr wichtig ist, kann f\u00fcr andere alles bedeuten.<br>Schenke Dingen ein neues Leben \u2013 und Menschen neue Perspektiven.<\/p>\n<\/div>\n\n\n\n<div class=\"wp-block-buttons is-content-justification-left is-layout-flex wp-container-core-buttons-is-layout-fc4fd283 wp-block-buttons-is-layout-flex\">\n<div id=\"greyd-69e77de7d26f4\" class=\"wp-block-button is-style-fill\"><a class=\"wp-block-button__link wp-element-button\" href=\"https:\/\/greyd.io\/greyd-theme\" target=\"_blank\" rel=\"noreferrer noopener\">Zum Formular<\/a><\/div>\n\n\n\n<div id=\"greyd-69e77de7d2ded\" class=\"wp-block-button is-style-outline is-style-outline--2\"><a class=\"wp-block-button__link has-foreground-color has-text-color has-link-color wp-element-button\" href=\"https:\/\/greyd.io\/demo\/\" target=\"_blank\" rel=\"noreferrer noopener\">Mitglied werden<\/a><\/div>\n<\/div>\n<\/div>\n\n\n\n<div class=\"wp-block-column is-vertically-aligned-center is-layout-flow wp-block-column-is-layout-flow\" style=\"flex-basis:50%;width:50%\">\n<div class=\"wp-block-group is-horizontal is-content-justification-right is-nowrap is-layout-flex wp-container-core-group-is-layout-d8309c5b wp-block-group-is-layout-flex\"><\/div>\n<\/div>\n<\/div>\n<\/div><\/div>\n\n\n\n<p>Manchmal sind es nicht gro\u00dfe Summen, sondern einfache Dinge, die den gr\u00f6\u00dften Unterschied machen.<br>Mit deiner Sachspende hilfst du direkt und konkret \u2013 dort, wo Unterst\u00fctzung wirklich gebraucht wird.<\/p>\n\n\n\n<p>Ob Kleidung, Haushaltsgegenst\u00e4nde, Spielzeug oder andere n\u00fctzliche Dinge:<br>Was f\u00fcr dich vielleicht nicht mehr gebraucht wird, kann f\u00fcr andere ein wertvoller Neuanfang sein.<\/p>\n\n\n\n<p>Wir sorgen daf\u00fcr, dass deine Spende genau dort ankommt, wo sie gebraucht wird \u2013 schnell, sinnvoll und mit echtem Mehrwert f\u00fcr die Menschen.<\/p>\n\n\n\n<p>\ud83d\udc49 <strong>F\u00fclle einfach das Formular unten aus und teile uns mit, was du spenden m\u00f6chtest.<\/strong><br>Wir melden uns bei dir und k\u00fcmmern uns um alles Weitere.<\/p>\n\n\n\n<p>Gemeinsam schaffen wir neue Perspektiven \u2013 mit Dingen, die weiterhelfen. \ud83d\udc9b<\/p>\n\n\n<div class='forms_wrapper'><a href='#after-greyd-form-3' class='greyd_skip_link'>Formular \u00fcberspringen<\/a><form\n\t\t\tclass='greyd_form \"Sachspende\" requirement-style__required' name='form_13' id='greyd-form-3'\n\t\t\tdata-id='13' data-form-mode='normal' data-title='Sachspende' data-nonce='e80ee23ecc' data-send='enable'\n\t\t\tmethod='POST' enctype='multipart\/form-data'\n\t\t>\t\t<div style=\"visibility: hidden; position: absolute; z-index: -1; height: 0.1px; width: 0.1px; margin: 0; padding: 0;\">\n\t\t\t<label for=\"contact_me_by_fax_only\">\n\t\t\t\t<input\n\t\t\t\t\ttype=\"checkbox\"\n\t\t\t\t\tclass=\"input validation\"\n\t\t\t\t\tname=\"contact_me_by_fax_only\"\n\t\t\t\t\tid=\"contact_me_by_fax_only\"\n\t\t\t\t\tvalue=\"true\"\n\t\t\t\t\taria-hidden=\"true\"\n\t\t\t\t\ttabindex=\"-1\"\n\t\t\t\t\tautocomplete=\"off\"\n\t\t\t\t>\n\t\t\t\tContact me by fax only\n\t\t\t<\/label>\n\t\t\t<input\n\t\t\t\ttype=\"text\"\n\t\t\t\tclass=\"input validation\"\n\t\t\t\tname=\"set_your_password\"\n\t\t\t\taria-hidden=\"true\"\n\t\t\t\ttabindex=\"-1\"\n\t\t\t\tautocomplete=\"off\"\n\t\t\t>\n\t\t<\/div>\n\t\t\n<div class=\"wp-block-greyd-forms-dropdown input-wrapper gs_haoczO\"><div class=\"label_wrap\"><label class=\"label\" for=\"dropdown_9e5647___id69e77de7d5218\"><span>Anrede<\/span><span class=\"requirement-optional\"> (optional)<\/span><\/label><\/div><div class=\"custom-select \"><select name=\"dropdown_9e5647___id69e77de7d5218\" id=\"dropdown_9e5647___id69e77de7d5218\" data-required=\"optional\" title=\"Bitte w\u00e4hle eine Option aus\"><option value=\"\">Bitte ausw\u00e4hlen<\/option><\/select><\/div><\/div>\n\n\n\n<div class=\"wp-block-greyd-forms-input input-wrapper gs_AGUtiq\"><div class=\"label_wrap\"><label class=\"label\" for=\"text___id69e77de7d5487\"><span>Vorname<\/span><span class=\"requirement-optional\"> (optional)<\/span><\/label><\/div><div class=\"input-inner-wrapper\"><input class=\"input validation \" type=\"text\" name=\"text\" id=\"text___id69e77de7d5487\" placeholder=\"Hier eingeben\" autocomplete=\"on\" data-required=\"optional\" title=\"Bitte f\u00fclle dieses Feld aus\" rows=\"\"\/><span class=\"input-field-icon\" aria-hidden=\"true\"><\/span><\/div><\/div>\n\n\n\n<div class=\"wp-block-greyd-forms-input input-wrapper gs_Zuueif\"><div class=\"label_wrap\"><label class=\"label\" for=\"text___id69e77de7d56c8\"><span>Nachname<\/span><span class=\"requirement-optional\"> (optional)<\/span><\/label><\/div><div class=\"input-inner-wrapper\"><input class=\"input validation \" type=\"text\" name=\"text\" id=\"text___id69e77de7d56c8\" placeholder=\"Hier eingeben\" autocomplete=\"on\" data-required=\"optional\" title=\"Bitte f\u00fclle dieses Feld aus\" rows=\"\"\/><span class=\"input-field-icon\" aria-hidden=\"true\"><\/span><\/div><\/div>\n\n\n\n<div class=\"wp-block-greyd-forms-input input-wrapper gs_NIOXPX\"><div class=\"label_wrap\"><label class=\"label\" for=\"text___id69e77de7d58eb\"><span>Strasse + Nr.<\/span><span class=\"requirement-optional\"> (optional)<\/span><\/label><\/div><div class=\"input-inner-wrapper\"><input class=\"input validation \" type=\"text\" name=\"text\" id=\"text___id69e77de7d58eb\" placeholder=\"Hier eingeben\" autocomplete=\"on\" data-required=\"optional\" title=\"Bitte f\u00fclle dieses Feld aus\" rows=\"\"\/><span class=\"input-field-icon\" aria-hidden=\"true\"><\/span><\/div><\/div>\n\n\n\n<div class=\"wp-block-greyd-forms-input input-wrapper gs_ljtx29\"><div class=\"label_wrap\"><label class=\"label\" for=\"text___id69e77de7d5b1d\"><span>Postleitzahl + Ort<\/span><span class=\"requirement-optional\"> (optional)<\/span><\/label><\/div><div class=\"input-inner-wrapper\"><input class=\"input validation \" type=\"text\" name=\"text\" id=\"text___id69e77de7d5b1d\" placeholder=\"Hier eingeben\" autocomplete=\"on\" data-required=\"optional\" title=\"Bitte f\u00fclle dieses Feld aus\" rows=\"\"\/><span class=\"input-field-icon\" aria-hidden=\"true\"><\/span><\/div><\/div>\n\n\n\n<div class=\"wp-block-greyd-forms-input input-wrapper gs_Bzh2cg\"><div class=\"label_wrap\"><label class=\"label\" for=\"text___id69e77de7d5d3e\"><span>Telefon<\/span><span class=\"requirement-optional\"> (optional)<\/span><\/label><\/div><div class=\"input-inner-wrapper\"><input class=\"input validation \" type=\"text\" name=\"text\" id=\"text___id69e77de7d5d3e\" placeholder=\"Hier eingeben\" autocomplete=\"on\" data-required=\"optional\" title=\"Bitte f\u00fclle dieses Feld aus\" rows=\"\"\/><span class=\"input-field-icon\" aria-hidden=\"true\"><\/span><\/div><\/div>\n\n\n\n<div class=\"wp-block-greyd-forms-input input-wrapper gs_DtezDF\"><div class=\"label_wrap\"><label class=\"label\" for=\"input_1a14a0___id69e77de7d5f6e\"><span>Was soll gespendet werden?<\/span><span class=\"requirement-optional\"> (optional)<\/span><\/label><\/div><div class=\"input-inner-wrapper\"><textarea class=\"input validation \" type=\"text\" name=\"input_1a14a0\" id=\"input_1a14a0___id69e77de7d5f6e\" placeholder=\"Hier eingeben\" autocomplete=\"on\" data-required=\"optional\" title=\"Bitte f\u00fclle dieses Feld aus\" rows=\"5\"><\/textarea><span class=\"input-field-icon\" aria-hidden=\"true\"><\/span><\/div><\/div>\n\n\n\n<div class=\"wp-block-greyd-forms-input input-wrapper gs_fXwS4s\"><div class=\"label_wrap\"><label class=\"label\" for=\"text___id69e77de7d6197\"><span>Wann kann die Sachspende abgeholt werden?<\/span><span class=\"requirement-optional\"> (optional)<\/span><\/label><\/div><div class=\"input-inner-wrapper\"><input class=\"input validation \" type=\"text\" name=\"text\" id=\"text___id69e77de7d6197\" placeholder=\"Hier eingeben\" autocomplete=\"on\" data-required=\"optional\" title=\"Bitte f\u00fclle dieses Feld aus\" rows=\"\"\/><span class=\"input-field-icon\" aria-hidden=\"true\"><\/span><\/div><\/div>\n\n\n\n<div class=\"wp-block-greyd-forms-checkbox input-wrapper gs_3r7CEX\"><label class=\"label checkbox-label\" for=\"checkbox_1124d5___id69e77de7d698e\"><input class=\"checkbox_placeholder_value\" type=\"hidden\" name=\"checkbox_1124d5\" value=\"false\"\/><input type=\"checkbox\" id=\"checkbox_1124d5___id69e77de7d698e\" name=\"checkbox_1124d5\" value=\"true\" data-required=\"optional\" title=\"Please mark the checkbox\"\/><div><span>Hiermit akzeptiere ich die AGB.<\/span><span class=\"requirement-optional\"> (optional)<\/span><\/div><\/label><\/div>\n\n\n\n<button class=\"wp-block-greyd-forms-submitbutton button submitbutton gs_x8BNdo\" type=\"submit\" name=\"submit\" data-text=\"\"><span class=\"greyd_upload_progress\"><span class=\"spinner\"><span class=\"dot-loader\"><\/span><span class=\"dot-loader dot-loader--2\"><\/span><span class=\"dot-loader dot-loader--3\"><\/span><\/span><span class=\"bar\"><\/span><\/span><span style=\"flex:1\">Submit<\/span><\/button>\n<\/form><div class='after-message animate_fast' role='status' aria-live='polite'><div class='message'><\/div><\/div><div id='after-greyd-form-3'><\/div><\/div>","protected":false},"excerpt":{"rendered":"<p>Manchmal sind es nicht gro\u00dfe Summen, sondern einfache Dinge, die den gr\u00f6\u00dften Unterschied machen.Mit deiner Sachspende hilfst du direkt und konkret \u2013 dort, wo Unterst\u00fctzung wirklich gebraucht wird. Ob Kleidung, Haushaltsgegenst\u00e4nde, Spielzeug oder andere n\u00fctzliche Dinge:Was f\u00fcr dich vielleicht nicht mehr gebraucht wird, kann f\u00fcr andere ein wertvoller Neuanfang sein. Wir sorgen daf\u00fcr, dass deine [&hellip;]<\/p>\n","protected":false},"author":1,"featured_media":0,"parent":0,"menu_order":0,"comment_status":"closed","ping_status":"closed","template":"","meta":{"greyd_block_editor_preview":[],"footnotes":""},"class_list":["post-16","page","type-page","status-publish","hentry"],"yoast_head":"<!-- This site is optimized with the Yoast SEO plugin v27.4 - https:\/\/yoast.com\/product\/yoast-seo-wordpress\/ -->\n<title>Sachspende - Lights of Hope<\/title>\n<meta name=\"robots\" content=\"index, follow, max-snippet:-1, max-image-preview:large, max-video-preview:-1\" \/>\n<link rel=\"canonical\" href=\"https:\/\/lights.go-webdesign.de\/?page_id=16\" \/>\n<meta property=\"og:locale\" content=\"de_DE\" \/>\n<meta property=\"og:type\" content=\"article\" \/>\n<meta property=\"og:title\" content=\"Sachspende - Lights of Hope\" \/>\n<meta property=\"og:description\" content=\"Manchmal sind es nicht gro\u00dfe Summen, sondern einfache Dinge, die den gr\u00f6\u00dften Unterschied machen.Mit deiner Sachspende hilfst du direkt und konkret \u2013 dort, wo Unterst\u00fctzung wirklich gebraucht wird. Ob Kleidung, Haushaltsgegenst\u00e4nde, Spielzeug oder andere n\u00fctzliche Dinge:Was f\u00fcr dich vielleicht nicht mehr gebraucht wird, kann f\u00fcr andere ein wertvoller Neuanfang sein. Wir sorgen daf\u00fcr, dass deine [&hellip;]\" \/>\n<meta property=\"og:url\" content=\"https:\/\/lights.go-webdesign.de\/?page_id=16\" \/>\n<meta property=\"og:site_name\" content=\"Lights of Hope\" \/>\n<meta property=\"article:modified_time\" content=\"2026-04-21T09:57:52+00:00\" \/>\n<meta property=\"og:image\" content=\"https:\/\/lights.go-webdesign.de\/wp-content\/themes\/greyd-theme\/assets\/images\/black-and-white-background-pattern.webp\" \/>\n<meta name=\"twitter:card\" content=\"summary_large_image\" \/>\n<meta name=\"twitter:label1\" content=\"Gesch\u00e4tzte Lesezeit\" \/>\n\t<meta name=\"twitter:data1\" content=\"2\u00a0Minuten\" \/>\n<script type=\"application\/ld+json\" class=\"yoast-schema-graph\">{\"@context\":\"https:\\\/\\\/schema.org\",\"@graph\":[{\"@type\":\"WebPage\",\"@id\":\"https:\\\/\\\/lights.go-webdesign.de\\\/?page_id=16\",\"url\":\"https:\\\/\\\/lights.go-webdesign.de\\\/?page_id=16\",\"name\":\"Sachspende - Lights of Hope\",\"isPartOf\":{\"@id\":\"https:\\\/\\\/lights.go-webdesign.de\\\/#website\"},\"primaryImageOfPage\":{\"@id\":\"https:\\\/\\\/lights.go-webdesign.de\\\/?page_id=16#primaryimage\"},\"image\":{\"@id\":\"https:\\\/\\\/lights.go-webdesign.de\\\/?page_id=16#primaryimage\"},\"thumbnailUrl\":\"https:\\\/\\\/lights.go-webdesign.de\\\/wp-content\\\/themes\\\/greyd-theme\\\/assets\\\/images\\\/black-and-white-background-pattern.webp\",\"datePublished\":\"2026-04-21T09:57:51+00:00\",\"dateModified\":\"2026-04-21T09:57:52+00:00\",\"breadcrumb\":{\"@id\":\"https:\\\/\\\/lights.go-webdesign.de\\\/?page_id=16#breadcrumb\"},\"inLanguage\":\"de\",\"potentialAction\":[{\"@type\":\"ReadAction\",\"target\":[\"https:\\\/\\\/lights.go-webdesign.de\\\/?page_id=16\"]}]},{\"@type\":\"ImageObject\",\"inLanguage\":\"de\",\"@id\":\"https:\\\/\\\/lights.go-webdesign.de\\\/?page_id=16#primaryimage\",\"url\":\"https:\\\/\\\/lights.go-webdesign.de\\\/wp-content\\\/themes\\\/greyd-theme\\\/assets\\\/images\\\/black-and-white-background-pattern.webp\",\"contentUrl\":\"https:\\\/\\\/lights.go-webdesign.de\\\/wp-content\\\/themes\\\/greyd-theme\\\/assets\\\/images\\\/black-and-white-background-pattern.webp\"},{\"@type\":\"BreadcrumbList\",\"@id\":\"https:\\\/\\\/lights.go-webdesign.de\\\/?page_id=16#breadcrumb\",\"itemListElement\":[{\"@type\":\"ListItem\",\"position\":1,\"name\":\"Start\",\"item\":\"https:\\\/\\\/lights.go-webdesign.de\\\/\"},{\"@type\":\"ListItem\",\"position\":2,\"name\":\"Sachspende\"}]},{\"@type\":\"WebSite\",\"@id\":\"https:\\\/\\\/lights.go-webdesign.de\\\/#website\",\"url\":\"https:\\\/\\\/lights.go-webdesign.de\\\/\",\"name\":\"Lights of Hope\",\"description\":\"\",\"potentialAction\":[{\"@type\":\"SearchAction\",\"target\":{\"@type\":\"EntryPoint\",\"urlTemplate\":\"https:\\\/\\\/lights.go-webdesign.de\\\/?s={search_term_string}\"},\"query-input\":{\"@type\":\"PropertyValueSpecification\",\"valueRequired\":true,\"valueName\":\"search_term_string\"}}],\"inLanguage\":\"de\"}]}<\/script>\n<!-- \/ Yoast SEO plugin. -->","yoast_head_json":{"title":"Sachspende - Lights of Hope","robots":{"index":"index","follow":"follow","max-snippet":"max-snippet:-1","max-image-preview":"max-image-preview:large","max-video-preview":"max-video-preview:-1"},"canonical":"https:\/\/lights.go-webdesign.de\/?page_id=16","og_locale":"de_DE","og_type":"article","og_title":"Sachspende - Lights of Hope","og_description":"Manchmal sind es nicht gro\u00dfe Summen, sondern einfache Dinge, die den gr\u00f6\u00dften Unterschied machen.Mit deiner Sachspende hilfst du direkt und konkret \u2013 dort, wo Unterst\u00fctzung wirklich gebraucht wird. Ob Kleidung, Haushaltsgegenst\u00e4nde, Spielzeug oder andere n\u00fctzliche Dinge:Was f\u00fcr dich vielleicht nicht mehr gebraucht wird, kann f\u00fcr andere ein wertvoller Neuanfang sein. Wir sorgen daf\u00fcr, dass deine [&hellip;]","og_url":"https:\/\/lights.go-webdesign.de\/?page_id=16","og_site_name":"Lights of Hope","article_modified_time":"2026-04-21T09:57:52+00:00","og_image":[{"url":"https:\/\/lights.go-webdesign.de\/wp-content\/themes\/greyd-theme\/assets\/images\/black-and-white-background-pattern.webp","type":"","width":"","height":""}],"twitter_card":"summary_large_image","twitter_misc":{"Gesch\u00e4tzte Lesezeit":"2\u00a0Minuten"},"schema":{"@context":"https:\/\/schema.org","@graph":[{"@type":"WebPage","@id":"https:\/\/lights.go-webdesign.de\/?page_id=16","url":"https:\/\/lights.go-webdesign.de\/?page_id=16","name":"Sachspende - Lights of Hope","isPartOf":{"@id":"https:\/\/lights.go-webdesign.de\/#website"},"primaryImageOfPage":{"@id":"https:\/\/lights.go-webdesign.de\/?page_id=16#primaryimage"},"image":{"@id":"https:\/\/lights.go-webdesign.de\/?page_id=16#primaryimage"},"thumbnailUrl":"https:\/\/lights.go-webdesign.de\/wp-content\/themes\/greyd-theme\/assets\/images\/black-and-white-background-pattern.webp","datePublished":"2026-04-21T09:57:51+00:00","dateModified":"2026-04-21T09:57:52+00:00","breadcrumb":{"@id":"https:\/\/lights.go-webdesign.de\/?page_id=16#breadcrumb"},"inLanguage":"de","potentialAction":[{"@type":"ReadAction","target":["https:\/\/lights.go-webdesign.de\/?page_id=16"]}]},{"@type":"ImageObject","inLanguage":"de","@id":"https:\/\/lights.go-webdesign.de\/?page_id=16#primaryimage","url":"https:\/\/lights.go-webdesign.de\/wp-content\/themes\/greyd-theme\/assets\/images\/black-and-white-background-pattern.webp","contentUrl":"https:\/\/lights.go-webdesign.de\/wp-content\/themes\/greyd-theme\/assets\/images\/black-and-white-background-pattern.webp"},{"@type":"BreadcrumbList","@id":"https:\/\/lights.go-webdesign.de\/?page_id=16#breadcrumb","itemListElement":[{"@type":"ListItem","position":1,"name":"Start","item":"https:\/\/lights.go-webdesign.de\/"},{"@type":"ListItem","position":2,"name":"Sachspende"}]},{"@type":"WebSite","@id":"https:\/\/lights.go-webdesign.de\/#website","url":"https:\/\/lights.go-webdesign.de\/","name":"Lights of Hope","description":"","potentialAction":[{"@type":"SearchAction","target":{"@type":"EntryPoint","urlTemplate":"https:\/\/lights.go-webdesign.de\/?s={search_term_string}"},"query-input":{"@type":"PropertyValueSpecification","valueRequired":true,"valueName":"search_term_string"}}],"inLanguage":"de"}]}},"_links":{"self":[{"href":"https:\/\/lights.go-webdesign.de\/index.php?rest_route=\/wp\/v2\/pages\/16","targetHints":{"allow":["GET"]}}],"collection":[{"href":"https:\/\/lights.go-webdesign.de\/index.php?rest_route=\/wp\/v2\/pages"}],"about":[{"href":"https:\/\/lights.go-webdesign.de\/index.php?rest_route=\/wp\/v2\/types\/page"}],"author":[{"embeddable":true,"href":"https:\/\/lights.go-webdesign.de\/index.php?rest_route=\/wp\/v2\/users\/1"}],"replies":[{"embeddable":true,"href":"https:\/\/lights.go-webdesign.de\/index.php?rest_route=%2Fwp%2Fv2%2Fcomments&post=16"}],"version-history":[{"count":1,"href":"https:\/\/lights.go-webdesign.de\/index.php?rest_route=\/wp\/v2\/pages\/16\/revisions"}],"predecessor-version":[{"id":17,"href":"https:\/\/lights.go-webdesign.de\/index.php?rest_route=\/wp\/v2\/pages\/16\/revisions\/17"}],"wp:attachment":[{"href":"https:\/\/lights.go-webdesign.de\/index.php?rest_route=%2Fwp%2Fv2%2Fmedia&parent=16"}],"curies":[{"name":"wp","href":"https:\/\/api.w.org\/{rel}","templated":true}]}}